{"id":8600,"date":"2024-06-20T12:14:31","date_gmt":"2024-06-20T12:14:31","guid":{"rendered":"https:\/\/wavebywave.pt\/?page_id=8600"},"modified":"2024-11-16T13:39:58","modified_gmt":"2024-11-16T13:39:58","slug":"sponsorship-campaignwave-by-wave","status":"publish","type":"page","link":"https:\/\/wavebywave.pt\/en\/sponsorship-campaignwave-by-wave\/","title":{"rendered":"Sponsorship CampaignWave by Wave\u00a0"},"content":{"rendered":"\t\t<div data-elementor-type=\"wp-page\" data-elementor-id=\"8600\" class=\"elementor elementor-8600\">\n\t\t\t\t\t\t<section class=\"elementor-section elementor-top-section elementor-element elementor-element-56ad25a qodef-elementor-content-grid elementor-section-full_width elementor-section-stretched elementor-section-height-default elementor-section-height-default\" data-id=\"56ad25a\" data-element_type=\"section\" data-settings=\"{&quot;stretch_section&quot;:&quot;section-stretched&quot;,&quot;background_background&quot;:&quot;classic&quot;}\">\n\t\t\t\t\t\t<div class=\"elementor-container elementor-column-gap-default\">\n\t\t\t\t\t<div class=\"elementor-column elementor-col-33 elementor-top-column elementor-element elementor-element-6f1ce5d\" data-id=\"6f1ce5d\" data-element_type=\"column\">\n\t\t\t<div class=\"elementor-widget-wrap elementor-element-populated\">\n\t\t\t\t\t\t<div class=\"elementor-element elementor-element-12bb903 elementor-widget elementor-widget-querida_core_section_title\" data-id=\"12bb903\" data-element_type=\"widget\" data-widget_type=\"querida_core_section_title.default\">\n\t\t\t\t<div class=\"elementor-widget-container\">\n\t\t\t\t\t<div class=\"qodef-shortcode qodef-m  qodef-section-title qodef-alignment--left  \">\n\t\t<h1 class=\"qodef-m-title\" >\n\t\t\t\t\tSponsorship Campaign Wave<br \/> by Wave \t\t\t<\/h1>\n\t<\/div>\t\t\t\t<\/div>\n\t\t\t\t<\/div>\n\t\t\t\t\t<\/div>\n\t\t<\/div>\n\t\t\t\t<div class=\"elementor-column elementor-col-66 elementor-top-column elementor-element elementor-element-efce8ab\" data-id=\"efce8ab\" data-element_type=\"column\">\n\t\t\t<div class=\"elementor-widget-wrap elementor-element-populated\">\n\t\t\t\t\t\t<div class=\"elementor-element elementor-element-675f26a elementor-widget elementor-widget-text-editor\" data-id=\"675f26a\" data-element_type=\"widget\" data-widget_type=\"text-editor.default\">\n\t\t\t\t<div class=\"elementor-widget-container\">\n\t\t\t\t\t\t\t\t\t<div class=\"page\" title=\"Page 4\"><div class=\"section\"><div class=\"layoutArea\"><div class=\"column\"><h4><strong>Godmothers and Godfathers Wanted!<\/strong><\/h4><\/div><\/div><\/div><\/div><div class=\"page\" title=\"Page 4\"><div class=\"section\"><div class=\"layoutArea\"><div class=\"column\"><p>Would you like to learn more about the lives of the children and youth we work with? Individually or with a group of family and friends, would you like to support a child or young participant in Wave by Wave activities on a regular basis?<\/p><\/div><\/div><\/div><\/div>\t\t\t\t\t\t\t\t<\/div>\n\t\t\t\t<\/div>\n\t\t\t\t\t<\/div>\n\t\t<\/div>\n\t\t\t\t\t<\/div>\n\t\t<\/section>\n\t\t\t\t<section class=\"elementor-section elementor-top-section elementor-element elementor-element-04432b8 elementor-section-full_width elementor-section-stretched elementor-section-height-default elementor-section-height-default qodef-elementor-content-no\" data-id=\"04432b8\" data-element_type=\"section\" data-settings=\"{&quot;stretch_section&quot;:&quot;section-stretched&quot;,&quot;background_background&quot;:&quot;classic&quot;,&quot;shape_divider_top&quot;:&quot;waves&quot;}\">\n\t\t\t\t\t<div class=\"elementor-shape elementor-shape-top\" data-negative=\"false\">\n\t\t\t<svg xmlns=\"http:\/\/www.w3.org\/2000\/svg\" viewBox=\"0 0 1000 100\" preserveAspectRatio=\"none\">\n\t<path class=\"elementor-shape-fill\" d=\"M421.9,6.5c22.6-2.5,51.5,0.4,75.5,5.3c23.6,4.9,70.9,23.5,100.5,35.7c75.8,32.2,133.7,44.5,192.6,49.7\n\tc23.6,2.1,48.7,3.5,103.4-2.5c54.7-6,106.2-25.6,106.2-25.6V0H0v30.3c0,0,72,32.6,158.4,30.5c39.2-0.7,92.8-6.7,134-22.4\n\tc21.2-8.1,52.2-18.2,79.7-24.2C399.3,7.9,411.6,7.5,421.9,6.5z\"\/>\n<\/svg>\t\t<\/div>\n\t\t\t\t\t<div class=\"elementor-container elementor-column-gap-default\">\n\t\t\t\t\t<div class=\"elementor-column elementor-col-100 elementor-top-column elementor-element elementor-element-c5aebe6\" data-id=\"c5aebe6\" data-element_type=\"column\">\n\t\t\t<div class=\"elementor-widget-wrap\">\n\t\t\t\t\t\t\t<\/div>\n\t\t<\/div>\n\t\t\t\t\t<\/div>\n\t\t<\/section>\n\t\t\t\t<section class=\"elementor-section elementor-top-section elementor-element elementor-element-d6c72bd elementor-section-stretched qodef-elementor-content-grid elementor-section-height-min-height elementor-section-boxed elementor-section-height-default elementor-section-items-middle\" data-id=\"d6c72bd\" data-element_type=\"section\" data-settings=\"{&quot;stretch_section&quot;:&quot;section-stretched&quot;,&quot;background_background&quot;:&quot;classic&quot;}\">\n\t\t\t\t\t\t<div class=\"elementor-container elementor-column-gap-default\">\n\t\t\t\t\t<div class=\"elementor-column elementor-col-100 elementor-top-column elementor-element elementor-element-bb1e8d2\" data-id=\"bb1e8d2\" data-element_type=\"column\">\n\t\t\t<div class=\"elementor-widget-wrap elementor-element-populated\">\n\t\t\t\t\t\t<div class=\"elementor-element elementor-element-40d48a2 elementor-widget elementor-widget-spacer\" data-id=\"40d48a2\" data-element_type=\"widget\" data-widget_type=\"spacer.default\">\n\t\t\t\t<div class=\"elementor-widget-container\">\n\t\t\t\t\t\t\t<div class=\"elementor-spacer\">\n\t\t\t<div class=\"elementor-spacer-inner\"><\/div>\n\t\t<\/div>\n\t\t\t\t\t\t<\/div>\n\t\t\t\t<\/div>\n\t\t\t\t\t<\/div>\n\t\t<\/div>\n\t\t\t\t\t<\/div>\n\t\t<\/section>\n\t\t\t\t<section class=\"elementor-section elementor-top-section elementor-element elementor-element-8485f32 elementor-section-full_width elementor-section-stretched elementor-section-height-default elementor-section-height-default qodef-elementor-content-no\" data-id=\"8485f32\" data-element_type=\"section\" data-settings=\"{&quot;background_background&quot;:&quot;classic&quot;,&quot;stretch_section&quot;:&quot;section-stretched&quot;}\">\n\t\t\t\t\t\t<div class=\"elementor-container elementor-column-gap-default\">\n\t\t\t\t\t<div class=\"elementor-column elementor-col-50 elementor-top-column elementor-element elementor-element-8de788c\" data-id=\"8de788c\" data-element_type=\"column\">\n\t\t\t<div class=\"elementor-widget-wrap elementor-element-populated\">\n\t\t\t\t\t\t<div class=\"elementor-element elementor-element-d40dc35 elementor-widget elementor-widget-querida_core_section_title\" data-id=\"d40dc35\" data-element_type=\"widget\" data-widget_type=\"querida_core_section_title.default\">\n\t\t\t\t<div class=\"elementor-widget-container\">\n\t\t\t\t\t<div class=\"qodef-shortcode qodef-m  qodef-section-title qodef-alignment--left  \">\n\t\t<h3 class=\"qodef-m-title\" >\n\t\t\t\t\tHOW TO<br \/> SUPPORT\t\t\t<\/h3>\n\t<\/div>\t\t\t\t<\/div>\n\t\t\t\t<\/div>\n\t\t\t\t<div class=\"elementor-element elementor-element-602cc7f elementor-widget elementor-widget-querida_core_accordion\" data-id=\"602cc7f\" data-element_type=\"widget\" data-widget_type=\"querida_core_accordion.default\">\n\t\t\t\t<div class=\"elementor-widget-container\">\n\t\t\t\t\t<div class=\"qodef-shortcode qodef-m  qodef-accordion clear qodef-behavior--accordion qodef-layout--simple\">\n\t<p class=\"qodef-accordion-title\">\n\t<span class=\"qodef-tab-title\">\n\t\tGO FUND ME\t<\/span>\n\t<span class=\"qodef-accordion-mark\">\n\t\t<span class=\"qodef-icon--plus\"><\/span>\n\t\t<span class=\"qodef-icon--minus\"><\/span>\n\t<\/span>\n<\/p>\n<div class=\"qodef-accordion-content\">\n\t<div class=\"qodef-accordion-content-inner\">\n\t\t<p><a style=\"background-color: #f4c143; \/* yellow *\/ border: none; color: white; padding: 8px 16px; text-align: center; text-decoration: none; display: inline-block; font-size: 16px;\" href=\"https:\/\/www.gofundme.com\/f\/campanha-7-anos-wave-by-wave-2024?attribution_id=sl%3A9944a4fd-fc6c-4a4a-a83c-e60b0dd2d04a&amp;utm_campaign=natman_sharesheet_dash&amp;utm_content=natman_amp1c&amp;utm_medium=customer&amp;utm_source=copy_link\">Donate<\/a><\/p>\t<\/div>\n<\/div><p class=\"qodef-accordion-title\">\n\t<span class=\"qodef-tab-title\">\n\t\tIBAN\t<\/span>\n\t<span class=\"qodef-accordion-mark\">\n\t\t<span class=\"qodef-icon--plus\"><\/span>\n\t\t<span class=\"qodef-icon--minus\"><\/span>\n\t<\/span>\n<\/p>\n<div class=\"qodef-accordion-content\">\n\t<div class=\"qodef-accordion-content-inner\">\n\t\t<p><span style=\"color: #000000;\">Caso pretenda fazer um donativo pontual:<\/span><\/p><p><span style=\"color: #000000;\">IBAN:<\/span><br \/><span style=\"color: #000000;\">PT50 0007 0000 0037 1155 5632 3<\/span><\/p><p><span style=\"color: #000000;\">Denomina\u00e7\u00e3o:<\/span><br \/><span style=\"color: #000000;\">Associa\u00e7\u00e3o Portuguesa Surf for Good<\/span><\/p><p><span style=\"color: #000000;\">NIPC: 514455497<\/span><\/p><p style=\"font-size: 0.62em; line-height: 1.5em;\"><span style=\"color: #000000;\">Pedimos, se poss\u00edvel, que coloque o seu nome no comprovativo de transfer\u00eancia e nos envie os seus dados (Nome, Morada, NIF e Valor) por e-mail para: <a style=\"color: #000000;\" href=\"mailto:geral@wavebywave.pt\">geral@wavebywave.pt<\/a><\/span><\/p>\t<\/div>\n<\/div><p class=\"qodef-accordion-title\">\n\t<span class=\"qodef-tab-title\">\n\t\tPAYPAL\t<\/span>\n\t<span class=\"qodef-accordion-mark\">\n\t\t<span class=\"qodef-icon--plus\"><\/span>\n\t\t<span class=\"qodef-icon--minus\"><\/span>\n\t<\/span>\n<\/p>\n<div class=\"qodef-accordion-content\">\n\t<div class=\"qodef-accordion-content-inner\">\n\t\t<p>Caso pretenda fazer um donativo atrav\u00e9s do PayPal, poder\u00e1 faz\u00ea-lo clicando abaixo:<\/p><p><input title=\"PayPal - The safer, easier way to pay online!\" alt=\"Fa\u00e7a donativos com o bot\u00e3o PayPal\" name=\"submit\" src=\"https:\/\/www.paypalobjects.com\/pt_PT\/PT\/i\/btn\/btn_donate_LG.gif\" type=\"image\" \/><br \/><img decoding=\"async\" src=\"https:\/\/www.paypal.com\/pt_PT\/i\/scr\/pixel.gif\" alt=\"\" width=\"1\" height=\"1\" border=\"0\" \/><\/p>\t<\/div>\n<\/div><p class=\"qodef-accordion-title\">\n\t<span class=\"qodef-tab-title\">\n\t\tMBWAY\t<\/span>\n\t<span class=\"qodef-accordion-mark\">\n\t\t<span class=\"qodef-icon--plus\"><\/span>\n\t\t<span class=\"qodef-icon--minus\"><\/span>\n\t<\/span>\n<\/p>\n<div class=\"qodef-accordion-content\">\n\t<div class=\"qodef-accordion-content-inner\">\n\t\t<p>+351 913599558<\/p>\t<\/div>\n<\/div><\/div>\t\t\t\t<\/div>\n\t\t\t\t<\/div>\n\t\t\t\t\t<\/div>\n\t\t<\/div>\n\t\t\t\t<div class=\"elementor-column elementor-col-50 elementor-top-column elementor-element elementor-element-e92e6f3 elementor-invisible\" data-id=\"e92e6f3\" data-element_type=\"column\" data-settings=\"{&quot;animation&quot;:&quot;slideInUp&quot;}\">\n\t\t\t<div class=\"elementor-widget-wrap elementor-element-populated\">\n\t\t\t\t\t\t\t<\/div>\n\t\t<\/div>\n\t\t\t\t\t<\/div>\n\t\t<\/section>\n\t\t\t\t<section class=\"elementor-section elementor-top-section elementor-element elementor-element-379c1f6 qodef-elementor-content-grid elementor-section-stretched elementor-section-boxed elementor-section-height-default elementor-section-height-default\" data-id=\"379c1f6\" data-element_type=\"section\" data-settings=\"{&quot;background_background&quot;:&quot;classic&quot;,&quot;stretch_section&quot;:&quot;section-stretched&quot;}\">\n\t\t\t\t\t\t<div class=\"elementor-container elementor-column-gap-default\">\n\t\t\t\t\t<div class=\"elementor-column elementor-col-100 elementor-top-column elementor-element elementor-element-a0b642b\" data-id=\"a0b642b\" data-element_type=\"column\">\n\t\t\t<div class=\"elementor-widget-wrap elementor-element-populated\">\n\t\t\t\t\t\t<div class=\"elementor-element elementor-element-ed5c1ef elementor-widget elementor-widget-querida_core_section_title\" data-id=\"ed5c1ef\" data-element_type=\"widget\" data-widget_type=\"querida_core_section_title.default\">\n\t\t\t\t<div class=\"elementor-widget-container\">\n\t\t\t\t\t<div class=\"qodef-shortcode qodef-m  qodef-section-title qodef-alignment--left qodef-title-break--disabled \">\n\t\t<h1 class=\"qodef-m-title\" style=\"color: #F4C142\">\n\t\t\t\t\tAcompanhe-nos nas<br \/> nossas redes\t\t\t<\/h1>\n\t<\/div>\t\t\t\t<\/div>\n\t\t\t\t<\/div>\n\t\t\t\t<div class=\"elementor-element elementor-element-eb36274 elementor-widget elementor-widget-querida_core_button\" data-id=\"eb36274\" data-element_type=\"widget\" data-widget_type=\"querida_core_button.default\">\n\t\t\t\t<div class=\"elementor-widget-container\">\n\t\t\t\t\t<a class=\"qodef-shortcode qodef-m  qodef-button qodef-layout--textual  qodef-html--link\" href=\"https:\/\/www.instagram.com\/wavebywave.portugal\/\" target=\"_blank\"  style=\"color: #F4C142;font-weight: 500\">\n\t<span class=\"qodef-m-text\">Saber mais<\/span>\n    <svg version=\"1.1\" xmlns=\"http:\/\/www.w3.org\/2000\/svg\" xmlns:xlink=\"http:\/\/www.w3.org\/1999\/xlink\" x=\"0px\" y=\"0px\"\n         viewBox=\"0 0 56 60\" style=\"enable-background:new 0 0 56 60;\" xml:space=\"preserve\">\n        <path d=\"M0.7,45.5c5.2,8.4,14.5,13.9,25,13.9c16.3,0,29.5-13.2,29.5-29.5S42.1,0.5,25.8,0.5C15.3,0.5,6.1,6,0.9,14.3\"\/>\n        <path class=\"round\" d=\"M0.7,45.5c5.2,8.4,14.5,13.9,25,13.9c16.3,0,29.5-13.2,29.5-29.5S42.1,0.5,25.8,0.5C15.3,0.5,6.1,6,0.9,14.3\"\/>\n        <polyline points=\"24.5,24.6 30,30 24.5,35.4 \"\/>\n    <\/svg>\n<\/a>\t\t\t\t<\/div>\n\t\t\t\t<\/div>\n\t\t\t\t\t<\/div>\n\t\t<\/div>\n\t\t\t\t\t<\/div>\n\t\t<\/section>\n\t\t\t\t<section class=\"elementor-section elementor-top-section elementor-element elementor-element-7c4737b elementor-section-boxed elementor-section-height-default elementor-section-height-default qodef-elementor-content-no\" data-id=\"7c4737b\" data-element_type=\"section\">\n\t\t\t\t\t\t<div class=\"elementor-container elementor-column-gap-default\">\n\t\t\t\t\t<div class=\"elementor-column elementor-col-100 elementor-top-column elementor-element elementor-element-a45d27b\" data-id=\"a45d27b\" data-element_type=\"column\">\n\t\t\t<div class=\"elementor-widget-wrap elementor-element-populated\">\n\t\t\t\t\t\t<div class=\"elementor-element elementor-element-223c9e0 elementor-view-framed elementor-shape-circle elementor-widget elementor-widget-icon\" data-id=\"223c9e0\" data-element_type=\"widget\" data-widget_type=\"icon.default\">\n\t\t\t\t<div class=\"elementor-widget-container\">\n\t\t\t\t\t\t\t<div class=\"elementor-icon-wrapper\">\n\t\t\t<a class=\"elementor-icon\" href=\"https:\/\/wavebywave.pt\/wp-content\/uploads\/2023\/05\/2021_RelatContas_WavebyWave-1.pdf\">\n\t\t\t<i aria-hidden=\"true\" class=\"fas fa-arrow-down\"><\/i>\t\t\t<\/a>\n\t\t<\/div>\n\t\t\t\t\t\t<\/div>\n\t\t\t\t<\/div>\n\t\t\t\t\t<\/div>\n\t\t<\/div>\n\t\t\t\t\t<\/div>\n\t\t<\/section>\n\t\t\t\t<\/div>\n\t\t","protected":false},"excerpt":{"rendered":"<p>Sponsorship Campaign Wave by Wave Godmothers and Godfathers Wanted! Would you like to learn more about the lives of the children and youth we work with? Individually or with a group of family and friends, would you like to support a child or young participant in Wave by Wave activities on a regular basis? HOW [&hellip;]<\/p>\n","protected":false},"author":4,"featured_media":0,"parent":0,"menu_order":0,"comment_status":"closed","ping_status":"closed","template":"","meta":{"footnotes":""},"class_list":["post-8600","page","type-page","status-publish","hentry"],"_links":{"self":[{"href":"https:\/\/wavebywave.pt\/en\/wp-json\/wp\/v2\/pages\/8600","targetHints":{"allow":["GET"]}}],"collection":[{"href":"https:\/\/wavebywave.pt\/en\/wp-json\/wp\/v2\/pages"}],"about":[{"href":"https:\/\/wavebywave.pt\/en\/wp-json\/wp\/v2\/types\/page"}],"author":[{"embeddable":true,"href":"https:\/\/wavebywave.pt\/en\/wp-json\/wp\/v2\/users\/4"}],"replies":[{"embeddable":true,"href":"https:\/\/wavebywave.pt\/en\/wp-json\/wp\/v2\/comments?post=8600"}],"version-history":[{"count":10,"href":"https:\/\/wavebywave.pt\/en\/wp-json\/wp\/v2\/pages\/8600\/revisions"}],"predecessor-version":[{"id":8618,"href":"https:\/\/wavebywave.pt\/en\/wp-json\/wp\/v2\/pages\/8600\/revisions\/8618"}],"wp:attachment":[{"href":"https:\/\/wavebywave.pt\/en\/wp-json\/wp\/v2\/media?parent=8600"}],"curies":[{"name":"wp","href":"https:\/\/api.w.org\/{rel}","templated":true}]}}